{"id":75,"date":"2020-09-01T21:09:24","date_gmt":"2020-09-02T00:09:24","guid":{"rendered":"https:\/\/pndf.net.br\/home\/?page_id=75"},"modified":"2020-09-14T13:16:26","modified_gmt":"2020-09-14T16:16:26","slug":"quem-somos","status":"publish","type":"page","link":"https:\/\/pndf.net.br\/home\/quem-somos\/","title":{"rendered":"Quem Somos"},"content":{"rendered":"\r\n<p class=\"has-text-align-center\"><img loading=\"lazy\" decoding=\"async\" width=\"150\" height=\"224\" class=\"wp-image-78\" style=\"width: 150px;\" src=\"https:\/\/pndf.net.br\/home\/wp-content\/uploads\/2020\/09\/PASSEIO-NOTURNO-LOGO-EM-CURVA-transparente.png\" alt=\"\" srcset=\"https:\/\/pndf.net.br\/home\/wp-content\/uploads\/2020\/09\/PASSEIO-NOTURNO-LOGO-EM-CURVA-transparente.png 777w, https:\/\/pndf.net.br\/home\/wp-content\/uploads\/2020\/09\/PASSEIO-NOTURNO-LOGO-EM-CURVA-transparente-300x447.png 300w, https:\/\/pndf.net.br\/home\/wp-content\/uploads\/2020\/09\/PASSEIO-NOTURNO-LOGO-EM-CURVA-transparente-600x894.png 600w, https:\/\/pndf.net.br\/home\/wp-content\/uploads\/2020\/09\/PASSEIO-NOTURNO-LOGO-EM-CURVA-transparente-201x300.png 201w, https:\/\/pndf.net.br\/home\/wp-content\/uploads\/2020\/09\/PASSEIO-NOTURNO-LOGO-EM-CURVA-transparente-687x1024.png 687w, https:\/\/pndf.net.br\/home\/wp-content\/uploads\/2020\/09\/PASSEIO-NOTURNO-LOGO-EM-CURVA-transparente-768x1145.png 768w, https:\/\/pndf.net.br\/home\/wp-content\/uploads\/2020\/09\/PASSEIO-NOTURNO-LOGO-EM-CURVA-transparente-403x600.png 403w\" sizes=\"auto, (max-width: 150px) 100vw, 150px\" \/><\/p>\r\n\r\n\r\n\r\n<p>Somos um grupo de ciclismo amador que tem como foco principal atender \u00e0s pessoas que desejam encontrar uma nova atividade f\u00edsica, neste sentido, incentivamos o uso da bicicleta como ferramenta de intera\u00e7\u00e3o pessoal.<\/p>\r\n\r\n\r\n\r\n<p>Pedalamos nas <strong>SEGUNDAS<\/strong>\u00a0e<strong>\u00a0QUARTAS-FEIRAS<\/strong> (dias \u00fateis), no per\u00edodo<strong>\u00a0NOTURNO<\/strong>. N\u00e3o haver\u00e1 pedal nos feriados. O passeio tem in\u00edcio \u00e0s <strong>20h30<\/strong>, partindo da parte interna do estacionamento n\u00ba 4 do Parque da Cidade.<\/p>\r\n\r\n<p><iframe loading=\"lazy\" style=\"border: 0;\" tabindex=\"0\" src=\"https:\/\/www.google.com\/maps\/embed?pb=!1m14!1m8!1m3!1d3839.007726572428!2d-47.9212535!3d-15.8035466!3m2!1i1024!2i768!4f13.1!3m3!1m2!1s0x935a3b3844cc321b%3A0x41d9bb9884583a87!2sPasseio%20Noturno%20DF!5e0!3m2!1spt-BR!2sbr!4v1600053120945!5m2!1spt-BR!2sbr\" width=\"600\" height=\"450\" frameborder=\"0\" allowfullscreen=\"allowfullscreen\" aria-hidden=\"false\"><\/iframe><\/p>\r\n\r\n<p>Nas quartas-feiras realizamos passeios\u00a0<strong>GASTRON\u00d4MICOS<\/strong> em que\u00a0paramos em algum lugar para lanchar.<\/p>\r\n\r\n\r\n\r\n<p><strong>OBS<\/strong>: Em caso de chuva no in\u00edcio do pedal, o passeio fica automaticamente cancelado por motivos de seguran\u00e7a.<\/p>\r\n\r\n\r\n\r\n<p>O <strong>PERCURSO DO DIA<\/strong>\u00a0ser\u00e1 publicado\u00a0nos seguintes locais:<\/p>\r\n\r\n\r\n\r\n<p>1) Na homepage: <a href=\"http:\/\/www.pndf.net.br\" target=\"_blank\" rel=\"noreferrer noopener\">http:\/\/www.pndf.net.br<\/a>;<\/p>\r\n\r\n\r\n\r\n<p>2) No grupo do facebook:\u00a0<a href=\"https:\/\/www.facebook.com\/groups\/181384095250465\/\" target=\"_blank\" rel=\"noreferrer noopener\">Facebook<\/a><\/p>\r\n\r\n\r\n\r\n<p>3) E na lista de emails: <a href=\"https:\/\/groups.google.com\/forum\/?hl=pt-BR#!forum\/passeionoturnodf\" target=\"_blank\" rel=\"noreferrer noopener\">Lista de emails do GoogleGroups<\/a>.<\/p>\r\n\r\n\r\n\r\n<p>Os passeios s\u00e3o leves, variando entre 18 e 30km.<\/p>\r\n\r\n\r\n\r\n<p><strong>Aqui no Passeio Noturno ningu\u00e9m fica para tr\u00e1s! <\/strong>Se houver qualquer tipo de problema com algum ciclista, TODOS param e tentam solucionar o problema.<\/p>\r\n<p>&nbsp;<\/p>\r\n\r\n\r\n\r\n<h4 class=\"has-text-align-center wp-block-heading\"><strong>\u00a0&#8220;SA\u00cdMOS JUNTOS, CHEGAMOS JUNTOS!&#8221;<\/strong><\/h4>\r\n\r\n\r\n\r\n<p>&nbsp;<\/p>\r\n\r\n\r\n\r\n<p><strong>I &#8211; Os passeios ser\u00e3o organizados da seguinte forma<\/strong>:<\/p>\r\n\r\n\r\n\r\n<p>Puxador: ciclista experiente que dita o ritmo, com o apoio da cozinha, e busca manter o Grupo no percurso proposto para o dia. Ningu\u00e9m deve ultrapassar o puxador a fim de facilitar a seguran\u00e7a de todos;<\/p>\r\n\r\n\r\n\r\n<p>Cozinha: ciclista experiente que vir\u00e1 sempre \u00e0 retaguarda do Grupo. \u00c9 a \u00faltima pessoa do pelote, todos os demais ciclistas devem se manter a frente deste.\u00a0\u00c9 o ciclista que d\u00e1 as dicas ao Puxador com foco a manter uma melhor intera\u00e7\u00e3o com o tr\u00e2nsito;<\/p>\r\n\r\n\r\n\r\n<p>Ambos se comunicam por meio de r\u00e1dios <em>walkie talkies<\/em>, canal 21, subcanal 1. A\u00a0comunica\u00e7\u00e3o destina-se particularmente a informa\u00e7\u00f5es que facilitem a condu\u00e7\u00e3o do pedal.<\/p>\r\n\r\n\r\n\r\n<p>&nbsp;<\/p>\r\n\r\n\r\n\r\n<p><strong>II &#8211; Quais s\u00e3o os itens OBRIGAT\u00d3RIOS\u00a0 para participar do Passeio Noturno?<\/strong><\/p>\r\n\r\n\r\n\r\n<ul class=\"wp-block-list\">\r\n<li><strong>CAPACETE<\/strong>;<\/li>\r\n<li>Luzes dianteira e traseira (piscas);<\/li>\r\n<li>Luvas;<\/li>\r\n<li>Roupas claras.<\/li>\r\n<\/ul>\r\n\r\n\r\n\r\n<p>&nbsp;<\/p>\r\n\r\n\r\n\r\n<p><strong>III &#8211; Recomenda\u00e7\u00f5es \/ Sugest\u00f5es<\/strong>:<\/p>\r\n\r\n\r\n\r\n<p>Leve identidade e carteirinha do plano de sa\u00fade;<\/p>\r\n\r\n\r\n\r\n<p>Guarde sua carteira e eletr\u00f4nicos (celulares, chaves de carro, etc.) em um recipiente a prova d\u00b4agua (<strong>SACO PL\u00c1STICO resolve)<\/strong>, pois em caso de chuva, seus pertences ficar\u00e3o protegidos;<\/p>\r\n\r\n\r\n\r\n<p>Leve <strong>\u00c1GUA<\/strong>\u00a0e algum <strong>ALIMENTO<\/strong> (barras de cereais s\u00e3o praticas) pra ingerir durante o passeio;<\/p>\r\n\r\n\r\n\r\n<p>Se tiver r\u00e1dio walkie talkie, sinta-se convidado a levar o seu. N\u00e3o h\u00e1 a necessidade de falar ao r\u00e1dio, por\u00e9m com o mesmo voc\u00ea poder\u00e1 interagir melhor com o grupo, escutando as orienta\u00e7\u00f5es e contribuindo para com a amplia\u00e7\u00e3o da seguran\u00e7a de todos! (canal 21, subcanal 1).<\/p>\r\n\r\n\r\n\r\n<h4 class=\"has-text-align-center wp-block-heading\"><strong>\u00a0\u00a0 ASSOCIE-SE EM NOSSA LISTA DE EMAILS DO GOOGLEGROUPS!<\/strong><\/h4>\r\n\r\n\r\n\r\n<p>Basta cadastrar o seu email em\u00a0<a href=\"https:\/\/groups.google.com\/forum\/?hl=pt-BR#!forum\/passeionoturnodf\" target=\"_blank\" rel=\"noreferrer noopener\">GoogleGroups<\/a> e ficar por dentro dos <strong>PERCURSOS<\/strong> e dos <strong>EVENTOS<\/strong> do <strong>Passeio Noturno<\/strong>!<\/p>\r\n\r\n\r\n\r\n<p>Um grande abra\u00e7o a todos!<\/p>\r\n\r\n\r\n\r\n<p><strong>Coordena\u00e7\u00e3o do Passeio Noturno<\/strong><\/p>\r\n","protected":false},"excerpt":{"rendered":"<p>Somos um grupo de ciclismo amador que tem como foco principal atender \u00e0s pessoas que desejam encontrar uma nova atividade f\u00edsica, neste sentido, incentivamos o uso da bicicleta como ferramenta [&hellip;]<\/p>\n","protected":false},"author":1,"featured_media":0,"parent":0,"menu_order":0,"comment_status":"closed","ping_status":"closed","template":"","meta":{"_price":"","_stock":"","_tribe_ticket_header":"","_tribe_default_ticket_provider":"","_tribe_ticket_capacity":"0","_ticket_start_date":"","_ticket_end_date":"","_tribe_ticket_show_description":"","_tribe_ticket_show_not_going":false,"_tribe_ticket_use_global_stock":"","_tribe_ticket_global_stock_level":"","_global_stock_mode":"","_global_stock_cap":"","_tribe_rsvp_for_event":"","_tribe_ticket_going_count":"","_tribe_ticket_not_going_count":"","_tribe_tickets_list":"[]","_tribe_ticket_has_attendee_info_fields":false,"footnotes":"","_tec_slr_enabled":"","_tec_slr_layout":""},"class_list":["post-75","page","type-page","status-publish","hentry"],"ticketed":false,"_links":{"self":[{"href":"https:\/\/pndf.net.br\/home\/wp-json\/wp\/v2\/pages\/75","targetHints":{"allow":["GET"]}}],"collection":[{"href":"https:\/\/pndf.net.br\/home\/wp-json\/wp\/v2\/pages"}],"about":[{"href":"https:\/\/pndf.net.br\/home\/wp-json\/wp\/v2\/types\/page"}],"author":[{"embeddable":true,"href":"https:\/\/pndf.net.br\/home\/wp-json\/wp\/v2\/users\/1"}],"replies":[{"embeddable":true,"href":"https:\/\/pndf.net.br\/home\/wp-json\/wp\/v2\/comments?post=75"}],"version-history":[{"count":16,"href":"https:\/\/pndf.net.br\/home\/wp-json\/wp\/v2\/pages\/75\/revisions"}],"predecessor-version":[{"id":605,"href":"https:\/\/pndf.net.br\/home\/wp-json\/wp\/v2\/pages\/75\/revisions\/605"}],"wp:attachment":[{"href":"https:\/\/pndf.net.br\/home\/wp-json\/wp\/v2\/media?parent=75"}],"curies":[{"name":"wp","href":"https:\/\/api.w.org\/{rel}","templated":true}]}}